{"id":2129,"date":"2018-08-29T08:17:05","date_gmt":"2018-08-29T08:17:05","guid":{"rendered":"https:\/\/salltimobiliare.ro\/?page_id=2129"},"modified":"2018-08-29T12:23:00","modified_gmt":"2018-08-29T12:23:00","slug":"politica-de-confidentialitate","status":"publish","type":"page","link":"https:\/\/salltimobiliare.ro\/index.php\/politica-de-confidentialitate","title":{"rendered":"Politic\u0103 de confiden\u021bialitate"},"content":{"rendered":"<p><strong>salltimobiliare.ro <\/strong>consider\u0103 confiden\u021bialitatea datelor o component\u0103 esen\u021bial\u0103. Politica \u0219i practicile noastre de protejare a datelor se focuseaz\u0103 pe procesarea, schimbul \u0219i stocarea corespunz\u0103toare \u0219i legal\u0103 a informa\u021biilor cu caracter personal \u0219i totodat\u0103 pe asigurarea confiden\u021bialit\u0103\u021bii, integrit\u0103\u021bii \u0219i disponibilit\u0103\u021bii.<\/p>\n<p>Aceast\u0103 declara\u021bie de confiden\u021bialitate se aplic\u0103 companiei\u00a0<strong>SC SALLT BUSINESS SRL<\/strong>.\u00a0Prin utilizarea sitului www.<strong> salltimobiliare.ro <\/strong>(&#8220;<strong>salltimobiliare.ro<\/strong>&#8220;, &#8220;site&#8221;) accepta\u0163i politica de confiden\u0163ialitate a datelor prezentat\u0103 \u00een cele ce urmeaz\u0103. Politica de confiden\u0163ialitate se refer\u0103 la colectarea \u015fi utilizarea informa\u0163iilor personale pe care ni le furniza\u0163i atunci c\u00e2nd vizita\u0163i acest site.<\/p>\n<p><strong>salltimobiliare.ro <\/strong>proceseaz\u0103 \u0219i stocheaz\u0103 date cu caracter personal \u00een UE \u0219i este capabil\u0103 s\u0103 demonstreze la orice moment conformitatea cu legile Uniunii Europene c\u00e2t \u0219i cu principiile stabilite \u00een acest document.<\/p>\n<p>Aceast\u0103 declara\u021bie de confiden\u021bialitate reprezint\u0103 politica de confiden\u021bialitate complet\u0103 aplicabil\u0103 activit\u0103\u021bilor online ale <strong>salltimobiliare.ro<\/strong>. Aceast\u0103 declara\u021bie explic\u0103 tipurile de informa\u021bii pe care le colect\u0103m de la clien\u021bi \u0219i modul \u00een care utiliz\u0103m aceste informa\u021bii.<\/p>\n<p>Website-ul nostru este \u00een conformitate cu Regulamentul General de Protec\u021bie a Datelor (\u201cGDPR\u201d), (Regulament (EU) 2016\/679), care este un act legislativ obligatoriu. GDPR creeaz\u0103 noi drepturi pentru indivizi \u0219i consolideaz\u0103 unele drepturi existente sub Directiva 95\/46\/EC. Directiva 95\/46\/EC va fi \u00eenlocuit\u0103 de la data de 25 Mai 2018. Aceast\u0103 declara\u021bie este conform\u0103 cu GDPR \u0219i prin urmare \u0219i cu Directiva 95\/46\/EC \u0219i cu regulile na\u021bionale p\u00e2n\u0103 c\u00e2nd acestea expir\u0103 la data de 25 Mai 2018.<\/p>\n<p><strong>salltimobiliare.ro <\/strong>trebuie considerat ca \u0219i controlor al datelor \u0219i acesta va determina scopurile \u0219i metodele de procesare ale datelor introduse \u0219i colectate online.<\/p>\n<p><strong>SC SALLT BUSINESS SRL<\/strong> a fost \u00eenscris\u0103 \u00een Registrul de eviden\u0163\u0103 a prelucr\u0103rilor de date cu caracter personal sub nr&#8230;..<\/p>\n<h2>Principii<\/h2>\n<p>Politica de protejare a datelor pe <strong>salltimobiliare.ro <\/strong>se bazeaz\u0103 pe urm\u0103toarel e principii de protec\u021bie a datelor:<\/p>\n<ul>\n<li>Procesarea datelor personale se va face \u00eentr-o manier\u0103 legal\u0103, corect\u0103 \u0219i transparent\u0103;<\/li>\n<li>Colectarea datelor personale se va face numai \u00een scopuri specificate, explicite \u0219i legitime \u0219i datele nu vor fi procesate mai departe \u00eentr-o manier\u0103 incompatibil\u0103 cu acele scopuri;<\/li>\n<li>Colectarea datelor personale va fi adecvat\u0103, relevant\u0103 \u0219i limitat\u0103 la informa\u021biile necesare scopului proces\u0103rii;<\/li>\n<li>Datele personale vor fi acurate \u0219i, acolo unde este necesar, actualizate;<\/li>\n<li>Se vor lua toate m\u0103surile necesare pentru a se asigura c\u0103 datele incorecte sunt \u0219terse sau corectate f\u0103r\u0103 \u00eent\u00e2rziere;<\/li>\n<li>Datele personale vor fi p\u0103strate \u00eentr-o form\u0103 ce permite identificarea persoanei vizate \u0219i pentru o perioad\u0103 nu mai lung\u0103 dec\u00e2t cea \u00een care datele personale sunt procesate;<\/li>\n<li>Toate datele personale vor fi p\u0103strate confiden\u021bial \u0219i stocate \u00eentr-o manier\u0103 ce asigur\u0103 securitatea necesar\u0103;<\/li>\n<li>Datele personale nu vor fi distribuite persoanelor ter\u021be dec\u00e2t \u00een cazul \u00een care este necesar \u00een scopul oferirii de servicii conform acordurilor;<\/li>\n<li>Persoanele vizate au dreptul de a solicita accesul la datele personale, rectificarea \u0219i \u0219tergerea acestora, \u00eempotrivirea sau restric\u021bionarea de la procesarea datelor at\u00e2t c\u00e2t \u0219i de la dreptul portabilit\u0103\u021bii datelor.<\/li>\n<li>Aceste reguli nu au nici un efect asupra siturilor c\u0103tre care avem leg\u0103turi din situl <strong>ro<\/strong> sau care au leg\u0103turi c\u0103tre <strong>salltimobiliare.ro <\/strong><\/li>\n<li>Trebuie s\u0103 fi\u0163i con\u015ftient de faptul c\u0103 furnizarea prin situl nostru a\u00a0datelor personale\u00a0c\u0103tre un\u00a0agent imobiliar sau proprietar de imobil va avea drept urmare c\u0103\u00a0aceste date personale\u00a0sunt transferate agentului imobiliar \/ proprietarului de imobil \u015fi vor fi aliniate obliga\u0163iilor de securitate ale acestuia, obliga\u0163ii care\u00a0ar putea s\u0103 nu corespund\u0103 cu aceast\u0103 Politic\u0103 de Confiden\u0163ialitate.<\/li>\n<\/ul>\n<p>&nbsp;<\/p>\n<h2>Datele personale<\/h2>\n<p>Date personale \u00eenseamn\u0103 orice informa\u021bie care poate fi legat\u0103 de o persoan\u0103 fizic\u0103 identificat\u0103 sau identificabil\u0103 (persoana subiect). Datele personale includ toate tipurile de informa\u021bii directe sau indirecte (\u0219i anume utilizate \u00een leg\u0103tur\u0103 cu alte date) ce se refer\u0103 la persoana subiect, cum ar fi nume, prenume, adrese de e-mail, numere de telefon,\u00a0CNP, etc.<\/p>\n<p>&nbsp;<\/p>\n<h2>Colectarea datelor personale<\/h2>\n<p>Utilizatorii website-ului nostru care doresc s\u0103 beneficieze de serviciile noastre \u0219i s\u0103 ne furnizeze informa\u021bii, pot fi ruga\u021bi s\u0103 pun\u0103 la dispozi\u021bie date personale pentru ca, <strong>salltimobiliare.ro <\/strong>s\u0103 poat\u0103 opera \u0219i \u00eembun\u0103t\u0103\u021bi serviciile \u0219i afacerile. Colect\u0103m \u00een primul r\u00e2nd date personale cum ar fi num\u0103rul de telefon, adresa de email, nume, cod numeric personal; (i) pentru a ajuta\u00a0utilizatorii\u00a0s\u0103 intre \u00een contact cu proprietarii de imobile sau cu agen\u021bii ce intermediaz\u0103 v\u00e2nzarea\/\u00eenchirierea unui imobil; (ii) pentru a informa utlizatorii, gratuit, pe e-mail, despre noile oferte imobiliare ap\u0103rute pe pia\u021b\u0103; (iii) pentru a informa utlizatorii, \u00een mod gratuit, cu informa\u021bii despre credite \u00a0bancare, prin intermediul bancilor \u0219i a brokerilor de credite parteneri. Aceasta este activitatea de baz\u0103 a <strong>salltimobiliare.ro<\/strong>. Vom procesa datele personale doar pentru un scop specificat, explicit \u0219i legitim.<\/p>\n<p>&nbsp;<\/p>\n<h2>Utilizarea datelor personale<\/h2>\n<p>Vom utiliza datele personale numai pentru scopul \u00een care au fost colectate \u0219i vom stoca datele numai at\u00e2t c\u00e2t este necesar pentru acel scop. Vom p\u0103stra informa\u021biile clientului pentru perioada \u00een care contul s\u0103u este activ, pentru a \u00eei oferi servicii, pentru a fi conforme cu obliga\u021biile noastre legale sau pentru oricare din scopurile men\u021bionate mai sus. Accesul la datele personale este strict limitat personalului\u00a0<strong>salltimobiliare.ro<\/strong>\u00a0\u0219i asocia\u021bilor care de\u021bin autoriza\u021bia necesar\u0103, contractual\u0103 \u0219i nevoia clar definit\u0103 pentru utilizarea datelor, doar cu acordul \u0219i la solicitarea utilizatorului.<\/p>\n<p>&nbsp;<\/p>\n<h2>Utilizarea Cookie-urilor<\/h2>\n<p>Website-ul\u00a0<strong>salltimobiliare.ro<\/strong>\u00a0\u0219i partenerii s\u0103i utilizeaz\u0103 cookie-uri sau tehnologii similare pentru a asigura cea mai bun\u0103 experien\u021b\u0103 utilizatorilor \u0219i pentru a analiza trenduri, administra website-ul, urm\u0103ri utilizarea de c\u0103tre\u00a0utilizator \u00een cadrul website-ului \u0219i pentru a colecta informa\u021bii demografice despre baza de utilizatori ca \u0219i \u00eentreg. Cookie-urile sunt mici fi\u0219iere text care sunt plasate pe dispozitivul clientului pentru a urm\u0103ri modul de utilizare \u0219i a \u00eenregistra preferin\u021bele. Colect\u0103m anumite informa\u021bii automatizat prin utilizarea cookie-urilor \u0219i tehnologiilor de urm\u0103rire cum ar fi adrese Internet Protocol (IP), tip de browser, Furnizor Internet (Internet Service Provider \u2013 ISP), referin\u021be\/ie\u0219iri pagini, paginile vizualizate pe site-ul nostru (ex. pagini HTML, grafice), sistem operare, data\/ora \u0219i\/sau seria de click-uri pentru a analiza trendul ca ansamblu \u0219i a administra site-ul. Utilizatorii site-ului pot controla folosirea cookie-urilor la nivelul browser-ului, dar dac\u0103 utilizatorul decide s\u0103 deactiveze cookie-urile aceast\u0103 ac\u021biune va determina o limitare a anumitor caracteristici \u0219i func\u021bii \u00een website-ul \u0219i serviciile noastre.<\/p>\n<p>Pentru mai multe informa\u021bii despre utilizarea cookie-urilor \u2013 https:\/\/<strong> salltimobiliare.ro<\/strong>\/cookies<\/p>\n<p>&nbsp;<\/p>\n<h2>Divulgarea datelor personale<\/h2>\n<p>Datele personale nu vor fi divulgate persoanelor ter\u021be cu excep\u021bia situa\u021biilor \u00een care divulgarea este necesar\u0103 pentru a putea oferi serviciile noastre, cum ar fi contactarea proprietarului de imobil sau agentului imobiliar \u00een vederea achizi\u021bion\u0103rii unui imobil de\u021binut sau intermediat de acesta.<\/p>\n<p>\u00cen anumite situa\u021bii\u00a0<strong>salltimobiliare.ro<\/strong>\u00a0 este nevoit\u0103 s\u0103 dezv\u0103luie date personale ca \u0219i r\u0103spuns la cererile autorit\u0103\u021bilor de supraveghere pentru a \u00eendeplini cerin\u021bele GDPR. De asemenea vom divulga informa\u021bii personale daca este cerut de lege, de exemplu pentru a ne conforma cu o cita\u021bie sau alte procese legale, atunci c\u00e2nd consider\u0103m de bun\u0103 credin\u021b\u0103 c\u0103 divulgarea datelor este necesar\u0103 pentru a ne proteja drepturile, siguran\u021ba clien\u021bilor sau siguran\u021ba celorlal\u021bi, investigarea fraudelor sau ca r\u0103spuns la o cerere a guvernului.<\/p>\n<p>&nbsp;<\/p>\n<h2>Securitatea proces\u0103rii<\/h2>\n<p>Vom procesa datele \u00een mod sigur, vom aplica \u0219i men\u021bine m\u0103suri tehnice adecvate pentru a proteja datele personale \u00eempotriva distrugerii sau pierderii accidentale sau ilegale, alterare, divulgare sau acces neautorizat, \u00een mod special atunci c\u00e2nd procesarea presupune transmiterea datelor printr-o re\u021bea at\u00e2t c\u00e2t \u0219i \u00eempotriva oric\u0103rei alte forme de procesare ilegal\u0103. \u00centreb\u0103ri legate de securitatea datelor personale pot fi trimise c\u0103tre adresa de email: office@<strong> salltimobiliare.ro<\/strong><\/p>\n<p>&nbsp;<\/p>\n<h2>Accesul \u0219i rectificarea sau \u0219tergerea datelor personale<\/h2>\n<p>Utilizatorii\u00a0au dreptul de a solicita \u00een orice moment accesul la, rectificarea, \u0219tergerea sau restric\u021bionarea proces\u0103rii datelor colectate de c\u0103tre noi. Pentru a ne ajuta s\u0103 p\u0103str\u0103m datele personale actualizate, recomand\u0103m utilizatorilor s\u0103 ne informeze despre orice schimbare sau discrepan\u021b\u0103. Pentru a vizualiza sau modifica datele personale, pentru a ob\u021bine informa\u021bii despre perioada de timp pentru care\u00a0<strong>salltimobiliare.ro<\/strong>\u00a0 inten\u021bioneaz\u0103 s\u0103 p\u0103streze datele personale sau pentru alte \u00eentreb\u0103ri legate de datele personale sau dac\u0103 dori\u021bi s\u0103 solicita\u021bi v\u0103 inform\u0103m dac\u0103, la solicitarea unui ter\u021b, am stocat sau am prelucrat oricare din datele dvs. cu caracter personal, v\u0103 rug\u0103m ne contacta\u021bi pe\u00a0adresa de email: office@<strong> salltimobiliare.ro<\/strong><\/p>\n<p>&nbsp;<\/p>\n<h2>E-mailuri de marketing \u0219i\u00a0alerte propriet\u0103\u021bi imobiliare noi<\/h2>\n<p><strong>salltimobiliare.ro<\/strong>\u00a0 are dreptul s\u0103 trimit\u0103 clien\u021bilor e-mailuri de marketing cu consim\u021b\u0103m\u00e2ntul acestora. Aceast\u0103 form\u0103 specific\u0103 de consim\u021b\u0103m\u00e2nt trebuie dat\u0103 \u00een mod liber, informat\u0103 specific \u0219i precis. Aceste cereri sunt \u00eendeplinite atunci c\u00e2nd\u00a0utilizatorii au optat s\u0103 primeasc\u0103 e-mailuri de marketing (au aprobat activ).\u00a0Acela\u0219i lucru este valabil \u0219i pentru e-mailurile cu oferte imobiliare noi, pentru acei\u00a0utilizatori care au optat, \u0219i-au salvat c\u0103utarea \u00een mod direct complet\u00e2nd formularul specific acestei func\u021bionalit\u0103\u021bi.<\/p>\n<p>Utilizatorii\u00a0vor avea mereu dreptul de a obiecta, la cerere \u0219i f\u0103r\u0103 costuri, la procesarea datelor cu caracter personal \u00een scopuri de marketing direct f\u0103r\u0103 a trebui s\u0103 furnizeze justific\u0103ri concrete. Utilizatorii\u00a0pot face acest lucru d\u00e2nd click pe linkul \u201eDezabonare\u201d care apare \u00een mesajele de e-mail pe care vi le trimitem sau ne pot trimite un mesaj la office@<strong> salltimobiliare.ro<\/strong>\u00a0. O dat\u0103 ce\u00a0utilizatorul a obiectat, datele personale ale acelui client nu vor mai fi procesate pentru marketing direct sau alert\u0103 email cu propriet\u0103\u021bi imobiliare noi.<\/p>\n<p>E-mailurile con\u021bin informa\u021bii pe care le consider\u0103m interesante pentru client, at\u00e2t c\u00e2t \u0219i \u0219tiri de ultim\u0103 or\u0103 legate de produsele \u0219i serviciile noastre.<\/p>\n<p>&nbsp;<\/p>\n<h2>Responsabilitate<\/h2>\n<p><strong>salltimobiliare.ro<\/strong>\u00a0 este responsabil\u0103 \u0219i va fi capabil\u0103 s\u0103 demonstreze la orice moment conformitatea cu GDPR c\u00e2t \u0219i cu principiile stabilite \u00een acest document. <strong>salltimobiliare.ro<\/strong>\u00a0 va men\u021bine sub responsabilitatea sa o arhiv\u0103 a activit\u0103\u021bilor de procesare ce con\u021bine informa\u021biile solicitate de c\u0103tre GDPR \u0219i, acolo unde este necesar va pune informa\u021biile la dispozi\u021bia autorit\u0103\u021bilor de supraveghere.<\/p>\n<p>Orice \u00eentreb\u0103ri legate de aceast\u0103 politic\u0103 de confiden\u021bialitate pot fi adresate pe e-mail c\u0103tre office@<strong> salltimobiliare.ro<\/strong><\/p>\n<p>&nbsp;<\/p>\n<h2>Pl\u00e2ngeri<\/h2>\n<p>Utilizatorii\u00a0au dreptul s\u0103 adreseze o pl\u00e2ngere legat\u0103 de procesarea datelor lor personale. Toate \u00eentreb\u0103rile \u0219i pl\u00e2ngerile vor fi prelucrate \u00een timp util \u0219i \u00een concordan\u021b\u0103 cu procedurile interne.<\/p>\n<p>\u00cen cazul improbabil \u00een care clien\u021bii au suferit daune din cauza \u00eenc\u0103lc\u0103rii drepturilor conform politicii de protec\u021bie a datelor personale \u0219i\u00a0<strong>salltimobiliare.ro<\/strong>\u00a0 nu a tratat pl\u00e2ngerea \u00een mod corespunz\u0103tor,\u00a0utilizatorii\u00a0au posibilitatea de a trimite o pl\u00e2ngere autorit\u0103\u021bii superioare.<\/p>\n<p>Pl\u00e2ngerile pot fi trimise pe adresa de e-mail: office@<strong> salltimobiliare.ro<\/strong><\/p>\n<p>&nbsp;<\/p>\n<h2>Modific\u0103ri ale acestei politici<\/h2>\n<p>Aceast\u0103 politic\u0103 poate fi actualizat\u0103 din c\u00e2nd \u00een c\u00e2nd, de exemplu \u00een urma modific\u0103rii legisla\u021biei relevante sau schimb\u0103ri ale structurii corporative \u00een <strong>salltimobiliare.ro<\/strong>\u00a0 \u00cen cazul \u00een care se fac modific\u0103ri ale materialului clien\u021bii vor fi notifica\u021bi pe e-mail sau prin intermediul website-ului \u00eenainte ca schimb\u0103rile s\u0103 intre \u00een vigoare. \u00cencuraj\u0103m clien\u021bii s\u0103 verifice aceast\u0103 pagin\u0103 periodic pentru a fi informa\u021bi despre ultimele nout\u0103\u021bi \u00een ceea ce prive\u0219te practicile noastre de confiden\u021bialitate.<\/p>\n<p>&nbsp;<\/p>\n<h3>Date de contact<\/h3>\n<p>SALLT BUSINESS SRL<\/p>\n<p>Sediul: Str. Ion Barbu 7-9 Timisoara<\/p>\n<p>27854609<\/p>\n<p>J35\/2085\/2010<\/p>\n<p>Email: office@<strong> salltimobiliare.ro<\/strong><\/p>\n","protected":false},"excerpt":{"rendered":"<p>salltimobiliare.ro consider\u0103 confiden\u021bialitatea datelor o component\u0103 esen\u021bial\u0103. Politica \u0219i practicile noastre de protejare a datelor se focuseaz\u0103 pe procesarea, schimbul \u0219i stocarea corespunz\u0103toare \u0219i legal\u0103 a informa\u021biilor cu caracter personal \u0219i totodat\u0103 pe asigurarea confiden\u021bialit\u0103\u021bii, integrit\u0103\u021bii \u0219i disponibilit\u0103\u021bii. Aceast\u0103 declara\u021bie de confiden\u021bialitate se aplic\u0103 companiei\u00a0SC SALLT BUSINESS SRL.\u00a0Prin utilizarea sitului www. salltimobiliare.ro (&#8220;salltimobiliare.ro&#8220;, &#8220;site&#8221;) accepta\u0163i [&hellip;]<\/p>\n","protected":false},"author":1,"featured_media":0,"parent":0,"menu_order":0,"comment_status":"closed","ping_status":"closed","template":"","meta":[],"aioseo_notices":[],"_links":{"self":[{"href":"https:\/\/salltimobiliare.ro\/index.php\/wp-json\/wp\/v2\/pages\/2129"}],"collection":[{"href":"https:\/\/salltimobiliare.ro\/index.php\/wp-json\/wp\/v2\/pages"}],"about":[{"href":"https:\/\/salltimobiliare.ro\/index.php\/wp-json\/wp\/v2\/types\/page"}],"author":[{"embeddable":true,"href":"https:\/\/salltimobiliare.ro\/index.php\/wp-json\/wp\/v2\/users\/1"}],"replies":[{"embeddable":true,"href":"https:\/\/salltimobiliare.ro\/index.php\/wp-json\/wp\/v2\/comments?post=2129"}],"version-history":[{"count":4,"href":"https:\/\/salltimobiliare.ro\/index.php\/wp-json\/wp\/v2\/pages\/2129\/revisions"}],"predecessor-version":[{"id":2134,"href":"https:\/\/salltimobiliare.ro\/index.php\/wp-json\/wp\/v2\/pages\/2129\/revisions\/2134"}],"wp:attachment":[{"href":"https:\/\/salltimobiliare.ro\/index.php\/wp-json\/wp\/v2\/media?parent=2129"}],"curies":[{"name":"wp","href":"https:\/\/api.w.org\/{rel}","templated":true}]}}